{"id":612,"date":"2025-12-01T18:55:13","date_gmt":"2025-12-02T00:55:13","guid":{"rendered":"https:\/\/ptpue.tareaseditoriales.com\/?page_id=612"},"modified":"2025-12-22T18:17:41","modified_gmt":"2025-12-23T00:17:41","slug":"segundo-semestre-2025","status":"publish","type":"page","link":"https:\/\/ptpue.tareaseditoriales.com\/index.php\/2025-2\/segundo-semestre-2025\/","title":{"rendered":"SEGUNDO SEMESTRE 2025"},"content":{"rendered":"\n<div class=\"wp-block-media-text is-stacked-on-mobile\"><figure class=\"wp-block-media-text__media\"><img loading=\"lazy\" decoding=\"async\" width=\"918\" height=\"730\" src=\"https:\/\/ptpue.tareaseditoriales.com\/wp-content\/uploads\/2025\/12\/Captura-de-pantalla-2025-12-19-a-las-10.29.50-a.m-1.png\" alt=\"\" class=\"wp-image-725 size-full\" srcset=\"https:\/\/ptpue.tareaseditoriales.com\/wp-content\/uploads\/2025\/12\/Captura-de-pantalla-2025-12-19-a-las-10.29.50-a.m-1.png 918w, https:\/\/ptpue.tareaseditoriales.com\/wp-content\/uploads\/2025\/12\/Captura-de-pantalla-2025-12-19-a-las-10.29.50-a.m-1-300x239.png 300w, https:\/\/ptpue.tareaseditoriales.com\/wp-content\/uploads\/2025\/12\/Captura-de-pantalla-2025-12-19-a-las-10.29.50-a.m-1-768x611.png 768w\" sizes=\"auto, (max-width: 918px) 100vw, 918px\" \/><\/figure><div class=\"wp-block-media-text__content\">\n<p><a href=\"https:\/\/ptpue.tareaseditoriales.com\/index.php\/2025\/12\/19\/consecuencias-de-la-poca-participacion-de-las-mujeres-en-la-democracia\/\">CONSECUENCIAS DE LA POCA PARTICIPACI\u00d3N DE LAS MUJERES EN LA DEMOCRACIA<\/a><\/p>\n<\/div><\/div>\n\n\n\n<div class=\"wp-block-media-text has-media-on-the-right is-stacked-on-mobile\"><div class=\"wp-block-media-text__content\">\n<p><a href=\"https:\/\/ptpue.tareaseditoriales.com\/index.php\/2025\/12\/22\/caminando-hacia-una-politica-mas-humana-con-mejores-decisiones\/\">CAMINANDO HACIA UNA POL\u00cdTICA M\u00c1S HUMANA, CON MEJORES DECISIONES<\/a><\/p>\n<\/div><figure class=\"wp-block-media-text__media\"><img loading=\"lazy\" decoding=\"async\" width=\"704\" height=\"502\" src=\"https:\/\/ptpue.tareaseditoriales.com\/wp-content\/uploads\/2025\/12\/Captura-de-pantalla-2025-12-22-a-las-6.15.13-p.m-1.png\" alt=\"\" class=\"wp-image-752 size-full\" srcset=\"https:\/\/ptpue.tareaseditoriales.com\/wp-content\/uploads\/2025\/12\/Captura-de-pantalla-2025-12-22-a-las-6.15.13-p.m-1.png 704w, https:\/\/ptpue.tareaseditoriales.com\/wp-content\/uploads\/2025\/12\/Captura-de-pantalla-2025-12-22-a-las-6.15.13-p.m-1-300x214.png 300w\" sizes=\"auto, (max-width: 704px) 100vw, 704px\" \/><\/figure><\/div>\n<div class=\"pvc_clear\"><\/div><p id=\"pvc_stats_612\" class=\"pvc_stats all  \" data-element-id=\"612\" style=\"\"><i class=\"pvc-stats-icon medium\" aria-hidden=\"true\"><svg aria-hidden=\"true\" focusable=\"false\" data-prefix=\"far\" data-icon=\"chart-bar\" role=\"img\" xmlns=\"http:\/\/www.w3.org\/2000\/svg\" viewBox=\"0 0 512 512\" class=\"svg-inline--fa fa-chart-bar fa-w-16 fa-2x\"><path fill=\"currentColor\" d=\"M396.8 352h22.4c6.4 0 12.8-6.4 12.8-12.8V108.8c0-6.4-6.4-12.8-12.8-12.8h-22.4c-6.4 0-12.8 6.4-12.8 12.8v230.4c0 6.4 6.4 12.8 12.8 12.8zm-192 0h22.4c6.4 0 12.8-6.4 12.8-12.8V140.8c0-6.4-6.4-12.8-12.8-12.8h-22.4c-6.4 0-12.8 6.4-12.8 12.8v198.4c0 6.4 6.4 12.8 12.8 12.8zm96 0h22.4c6.4 0 12.8-6.4 12.8-12.8V204.8c0-6.4-6.4-12.8-12.8-12.8h-22.4c-6.4 0-12.8 6.4-12.8 12.8v134.4c0 6.4 6.4 12.8 12.8 12.8zM496 400H48V80c0-8.84-7.16-16-16-16H16C7.16 64 0 71.16 0 80v336c0 17.67 14.33 32 32 32h464c8.84 0 16-7.16 16-16v-16c0-8.84-7.16-16-16-16zm-387.2-48h22.4c6.4 0 12.8-6.4 12.8-12.8v-70.4c0-6.4-6.4-12.8-12.8-12.8h-22.4c-6.4 0-12.8 6.4-12.8 12.8v70.4c0 6.4 6.4 12.8 12.8 12.8z\" class=\"\"><\/path><\/svg><\/i> <img loading=\"lazy\" decoding=\"async\" width=\"16\" height=\"16\" alt=\"Loading\" src=\"https:\/\/ptpue.tareaseditoriales.com\/wp-content\/plugins\/page-views-count\/ajax-loader-2x.gif\" border=0 \/><\/p><div class=\"pvc_clear\"><\/div>","protected":false},"excerpt":{"rendered":"<p>CONSECUENCIAS DE LA POCA PARTICIPACI\u00d3N DE LAS MUJERES EN LA DEMOCRACIA CAMINANDO HACIA UNA POL\u00cdTICA M\u00c1S HUMANA, CON MEJORES DECISIONES<\/p>\n<div class=\"pvc_clear\"><\/div>\n<p id=\"pvc_stats_612\" class=\"pvc_stats all  \" data-element-id=\"612\" style=\"\"><i class=\"pvc-stats-icon medium\" aria-hidden=\"true\"><svg aria-hidden=\"true\" focusable=\"false\" data-prefix=\"far\" data-icon=\"chart-bar\" role=\"img\" xmlns=\"http:\/\/www.w3.org\/2000\/svg\" viewBox=\"0 0 512 512\" class=\"svg-inline--fa fa-chart-bar fa-w-16 fa-2x\"><path fill=\"currentColor\" d=\"M396.8 352h22.4c6.4 0 12.8-6.4 12.8-12.8V108.8c0-6.4-6.4-12.8-12.8-12.8h-22.4c-6.4 0-12.8 6.4-12.8 12.8v230.4c0 6.4 6.4 12.8 12.8 12.8zm-192 0h22.4c6.4 0 12.8-6.4 12.8-12.8V140.8c0-6.4-6.4-12.8-12.8-12.8h-22.4c-6.4 0-12.8 6.4-12.8 12.8v198.4c0 6.4 6.4 12.8 12.8 12.8zm96 0h22.4c6.4 0 12.8-6.4 12.8-12.8V204.8c0-6.4-6.4-12.8-12.8-12.8h-22.4c-6.4 0-12.8 6.4-12.8 12.8v134.4c0 6.4 6.4 12.8 12.8 12.8zM496 400H48V80c0-8.84-7.16-16-16-16H16C7.16 64 0 71.16 0 80v336c0 17.67 14.33 32 32 32h464c8.84 0 16-7.16 16-16v-16c0-8.84-7.16-16-16-16zm-387.2-48h22.4c6.4 0 12.8-6.4 12.8-12.8v-70.4c0-6.4-6.4-12.8-12.8-12.8h-22.4c-6.4 0-12.8 6.4-12.8 12.8v70.4c0 6.4 6.4 12.8 12.8 12.8z\" class=\"\"><\/path><\/svg><\/i> <img loading=\"lazy\" decoding=\"async\" width=\"16\" height=\"16\" alt=\"Loading\" src=\"https:\/\/ptpue.tareaseditoriales.com\/wp-content\/plugins\/page-views-count\/ajax-loader-2x.gif\" border=0 \/><\/p>\n<div class=\"pvc_clear\"><\/div>\n","protected":false},"author":1,"featured_media":0,"parent":563,"menu_order":0,"comment_status":"closed","ping_status":"closed","template":"plantilla-2025","meta":{"footnotes":""},"class_list":["post-612","page","type-page","status-publish","hentry"],"_links":{"self":[{"href":"https:\/\/ptpue.tareaseditoriales.com\/index.php\/wp-json\/wp\/v2\/pages\/612","targetHints":{"allow":["GET"]}}],"collection":[{"href":"https:\/\/ptpue.tareaseditoriales.com\/index.php\/wp-json\/wp\/v2\/pages"}],"about":[{"href":"https:\/\/ptpue.tareaseditoriales.com\/index.php\/wp-json\/wp\/v2\/types\/page"}],"author":[{"embeddable":true,"href":"https:\/\/ptpue.tareaseditoriales.com\/index.php\/wp-json\/wp\/v2\/users\/1"}],"replies":[{"embeddable":true,"href":"https:\/\/ptpue.tareaseditoriales.com\/index.php\/wp-json\/wp\/v2\/comments?post=612"}],"version-history":[{"count":5,"href":"https:\/\/ptpue.tareaseditoriales.com\/index.php\/wp-json\/wp\/v2\/pages\/612\/revisions"}],"predecessor-version":[{"id":753,"href":"https:\/\/ptpue.tareaseditoriales.com\/index.php\/wp-json\/wp\/v2\/pages\/612\/revisions\/753"}],"up":[{"embeddable":true,"href":"https:\/\/ptpue.tareaseditoriales.com\/index.php\/wp-json\/wp\/v2\/pages\/563"}],"wp:attachment":[{"href":"https:\/\/ptpue.tareaseditoriales.com\/index.php\/wp-json\/wp\/v2\/media?parent=612"}],"curies":[{"name":"wp","href":"https:\/\/api.w.org\/{rel}","templated":true}]}}