{"id":563,"date":"2025-11-29T17:20:40","date_gmt":"2025-11-29T23:20:40","guid":{"rendered":"https:\/\/ptpue.tareaseditoriales.com\/?page_id=563"},"modified":"2025-12-01T19:10:47","modified_gmt":"2025-12-02T01:10:47","slug":"2025-2","status":"publish","type":"page","link":"https:\/\/ptpue.tareaseditoriales.com\/index.php\/2025-2\/","title":{"rendered":"2025"},"content":{"rendered":"\n<div class=\"wp-block-group is-nowrap is-layout-flex wp-container-core-group-is-layout-6c531013 wp-block-group-is-layout-flex\">\n<p>Cumpliendo con la Ley General de Partidos Pol\u00edticos, la cual fundamenta que cada partido deber\u00e1 realizar publicaciones de manera obligatoria, realizando tanto boletines de divulgaci\u00f3n, como boletines te\u00f3ricos, el Partido del Trabajo del Estado de Puebla ha producido contenidos dirigidos a la sociedad en general, para abonar en la construcci\u00f3n de la cultura democr\u00e1tica en M\u00e9xico, ante una realidad social y pol\u00edtica. Por lo que este a\u00f1o 2025, podr\u00e1s encontrarlos en los siguientes enlaces<\/p>\n<\/div>\n\n\n\n<p><\/p>\n\n\n\n<h2 class=\"wp-block-heading\">BOLETINES DE DIVULGACI\u00d3N<\/h2>\n\n\n\n<p><a href=\"https:\/\/ptpue.tareaseditoriales.com\/index.php\/2025-2\/primer-trimestre-2025\/\" data-type=\"page\" data-id=\"597\">PRIMER TRIMESTRE<\/a><\/p>\n\n\n\n<p><a href=\"https:\/\/ptpue.tareaseditoriales.com\/index.php\/2025-2\/segundo-trimestre-2025\/\" data-type=\"page\" data-id=\"600\">SEGUNDO TRIMESTRE<\/a><\/p>\n\n\n\n<p><a href=\"https:\/\/ptpue.tareaseditoriales.com\/index.php\/2025-2\/tercer-trimestre-2025\/\" data-type=\"page\" data-id=\"603\">TERCER TRIMESTRE<\/a><\/p>\n\n\n\n<p><a href=\"https:\/\/ptpue.tareaseditoriales.com\/index.php\/2025-2\/cuarto-trimestre-2025\/\" data-type=\"page\" data-id=\"606\">CUARTO TRIMESTRE<\/a><\/p>\n\n\n\n<p><\/p>\n\n\n\n<h2 class=\"wp-block-heading\">BOLETINES TE\u00d3RICOS<\/h2>\n\n\n\n<p><a href=\"https:\/\/ptpue.tareaseditoriales.com\/index.php\/2025-2\/primer-semestre-2025\/\" data-type=\"page\" data-id=\"609\">PRIMER SEMESTRE<\/a><\/p>\n\n\n\n<p><a href=\"https:\/\/ptpue.tareaseditoriales.com\/index.php\/2025-2\/segundo-semestre-2025\/\" data-type=\"page\" data-id=\"612\">SEGUNDO SEMESTRE<\/a><\/p>\n\n\n\n<div class=\"wp-block-group alignfull has-global-padding is-layout-constrained wp-container-core-group-is-layout-b25ccd55 wp-block-group-is-layout-constrained\" style=\"margin-top:0;margin-bottom:0;padding-top:var(--wp--preset--spacing--50);padding-right:var(--wp--preset--spacing--50);padding-bottom:var(--wp--preset--spacing--50);padding-left:var(--wp--preset--spacing--50)\">\n<div class=\"wp-block-columns alignwide is-layout-flex wp-container-core-columns-is-layout-ff4b9c61 wp-block-columns-is-layout-flex\" style=\"margin-top:0;margin-bottom:0\">\n<div class=\"wp-block-column is-layout-flow wp-container-core-column-is-layout-8a368f38 wp-block-column-is-layout-flow\">\n\n\n<div style=\"height:var(--wp--preset--spacing--50)\" aria-hidden=\"true\" class=\"wp-block-spacer\"><\/div>\n\n\n\n\n\n<div style=\"height:var(--wp--preset--spacing--50)\" aria-hidden=\"true\" class=\"wp-block-spacer\"><\/div>\n\n\n<\/div>\n\n\n\n<div class=\"wp-block-column is-layout-flow wp-container-core-column-is-layout-8a368f38 wp-block-column-is-layout-flow\">\n<div style=\"height:var(--wp--preset--spacing--50)\" aria-hidden=\"true\" class=\"wp-block-spacer\"><\/div>\n\n\n\n\n\n<div style=\"height:var(--wp--preset--spacing--50)\" aria-hidden=\"true\" class=\"wp-block-spacer\"><\/div>\n\n\n\n\n\n<div style=\"height:var(--wp--preset--spacing--50)\" aria-hidden=\"true\" class=\"wp-block-spacer\"><\/div>\n\n\n<\/div>\n\n\n\n<div class=\"wp-block-column is-layout-flow wp-container-core-column-is-layout-8a368f38 wp-block-column-is-layout-flow\">\n\n\n<div style=\"height:var(--wp--preset--spacing--50)\" aria-hidden=\"true\" class=\"wp-block-spacer\"><\/div>\n\n\n\n\n\n<div style=\"height:var(--wp--preset--spacing--50)\" aria-hidden=\"true\" class=\"wp-block-spacer\"><\/div>\n\n\n<\/div>\n\n\n\n<div class=\"wp-block-column is-layout-flow wp-container-core-column-is-layout-8a368f38 wp-block-column-is-layout-flow\">\n<div style=\"height:var(--wp--preset--spacing--50)\" aria-hidden=\"true\" class=\"wp-block-spacer\"><\/div>\n\n\n\n\n\n<div style=\"height:var(--wp--preset--spacing--50)\" aria-hidden=\"true\" class=\"wp-block-spacer\"><\/div>\n\n\n\n\n\n<div style=\"height:var(--wp--preset--spacing--50)\" aria-hidden=\"true\" class=\"wp-block-spacer\"><\/div>\n\n\n<\/div>\n<\/div>\n<\/div>\n\n\n\n<p><\/p>\n<div class=\"pvc_clear\"><\/div><p id=\"pvc_stats_563\" class=\"pvc_stats all  \" data-element-id=\"563\" style=\"\"><i class=\"pvc-stats-icon medium\" aria-hidden=\"true\"><svg aria-hidden=\"true\" focusable=\"false\" data-prefix=\"far\" data-icon=\"chart-bar\" role=\"img\" xmlns=\"http:\/\/www.w3.org\/2000\/svg\" viewBox=\"0 0 512 512\" class=\"svg-inline--fa fa-chart-bar fa-w-16 fa-2x\"><path fill=\"currentColor\" d=\"M396.8 352h22.4c6.4 0 12.8-6.4 12.8-12.8V108.8c0-6.4-6.4-12.8-12.8-12.8h-22.4c-6.4 0-12.8 6.4-12.8 12.8v230.4c0 6.4 6.4 12.8 12.8 12.8zm-192 0h22.4c6.4 0 12.8-6.4 12.8-12.8V140.8c0-6.4-6.4-12.8-12.8-12.8h-22.4c-6.4 0-12.8 6.4-12.8 12.8v198.4c0 6.4 6.4 12.8 12.8 12.8zm96 0h22.4c6.4 0 12.8-6.4 12.8-12.8V204.8c0-6.4-6.4-12.8-12.8-12.8h-22.4c-6.4 0-12.8 6.4-12.8 12.8v134.4c0 6.4 6.4 12.8 12.8 12.8zM496 400H48V80c0-8.84-7.16-16-16-16H16C7.16 64 0 71.16 0 80v336c0 17.67 14.33 32 32 32h464c8.84 0 16-7.16 16-16v-16c0-8.84-7.16-16-16-16zm-387.2-48h22.4c6.4 0 12.8-6.4 12.8-12.8v-70.4c0-6.4-6.4-12.8-12.8-12.8h-22.4c-6.4 0-12.8 6.4-12.8 12.8v70.4c0 6.4 6.4 12.8 12.8 12.8z\" class=\"\"><\/path><\/svg><\/i> <img loading=\"lazy\" decoding=\"async\" width=\"16\" height=\"16\" alt=\"Loading\" src=\"https:\/\/ptpue.tareaseditoriales.com\/wp-content\/plugins\/page-views-count\/ajax-loader-2x.gif\" border=0 \/><\/p><div class=\"pvc_clear\"><\/div>","protected":false},"excerpt":{"rendered":"<p>Cumpliendo con la Ley General de Partidos Pol\u00edticos, la cual fundamenta que cada partido deber\u00e1 realizar publicaciones de manera obligatoria, realizando tanto boletines de divulgaci\u00f3n, como boletines te\u00f3ricos, el Partido del Trabajo del Estado de Puebla ha producido contenidos dirigidos a la sociedad en general, para abonar en la construcci\u00f3n de la cultura democr\u00e1tica en [&hellip;]<\/p>\n<div class=\"pvc_clear\"><\/div>\n<p id=\"pvc_stats_563\" class=\"pvc_stats all  \" data-element-id=\"563\" style=\"\"><i class=\"pvc-stats-icon medium\" aria-hidden=\"true\"><svg aria-hidden=\"true\" focusable=\"false\" data-prefix=\"far\" data-icon=\"chart-bar\" role=\"img\" xmlns=\"http:\/\/www.w3.org\/2000\/svg\" viewBox=\"0 0 512 512\" class=\"svg-inline--fa fa-chart-bar fa-w-16 fa-2x\"><path fill=\"currentColor\" d=\"M396.8 352h22.4c6.4 0 12.8-6.4 12.8-12.8V108.8c0-6.4-6.4-12.8-12.8-12.8h-22.4c-6.4 0-12.8 6.4-12.8 12.8v230.4c0 6.4 6.4 12.8 12.8 12.8zm-192 0h22.4c6.4 0 12.8-6.4 12.8-12.8V140.8c0-6.4-6.4-12.8-12.8-12.8h-22.4c-6.4 0-12.8 6.4-12.8 12.8v198.4c0 6.4 6.4 12.8 12.8 12.8zm96 0h22.4c6.4 0 12.8-6.4 12.8-12.8V204.8c0-6.4-6.4-12.8-12.8-12.8h-22.4c-6.4 0-12.8 6.4-12.8 12.8v134.4c0 6.4 6.4 12.8 12.8 12.8zM496 400H48V80c0-8.84-7.16-16-16-16H16C7.16 64 0 71.16 0 80v336c0 17.67 14.33 32 32 32h464c8.84 0 16-7.16 16-16v-16c0-8.84-7.16-16-16-16zm-387.2-48h22.4c6.4 0 12.8-6.4 12.8-12.8v-70.4c0-6.4-6.4-12.8-12.8-12.8h-22.4c-6.4 0-12.8 6.4-12.8 12.8v70.4c0 6.4 6.4 12.8 12.8 12.8z\" class=\"\"><\/path><\/svg><\/i> <img loading=\"lazy\" decoding=\"async\" width=\"16\" height=\"16\" alt=\"Loading\" src=\"https:\/\/ptpue.tareaseditoriales.com\/wp-content\/plugins\/page-views-count\/ajax-loader-2x.gif\" border=0 \/><\/p>\n<div class=\"pvc_clear\"><\/div>\n","protected":false},"author":1,"featured_media":6,"parent":0,"menu_order":0,"comment_status":"closed","ping_status":"closed","template":"plantilla-2025","meta":{"footnotes":""},"class_list":["post-563","page","type-page","status-publish","has-post-thumbnail","hentry"],"_links":{"self":[{"href":"https:\/\/ptpue.tareaseditoriales.com\/index.php\/wp-json\/wp\/v2\/pages\/563","targetHints":{"allow":["GET"]}}],"collection":[{"href":"https:\/\/ptpue.tareaseditoriales.com\/index.php\/wp-json\/wp\/v2\/pages"}],"about":[{"href":"https:\/\/ptpue.tareaseditoriales.com\/index.php\/wp-json\/wp\/v2\/types\/page"}],"author":[{"embeddable":true,"href":"https:\/\/ptpue.tareaseditoriales.com\/index.php\/wp-json\/wp\/v2\/users\/1"}],"replies":[{"embeddable":true,"href":"https:\/\/ptpue.tareaseditoriales.com\/index.php\/wp-json\/wp\/v2\/comments?post=563"}],"version-history":[{"count":11,"href":"https:\/\/ptpue.tareaseditoriales.com\/index.php\/wp-json\/wp\/v2\/pages\/563\/revisions"}],"predecessor-version":[{"id":616,"href":"https:\/\/ptpue.tareaseditoriales.com\/index.php\/wp-json\/wp\/v2\/pages\/563\/revisions\/616"}],"wp:featuredmedia":[{"embeddable":true,"href":"https:\/\/ptpue.tareaseditoriales.com\/index.php\/wp-json\/wp\/v2\/media\/6"}],"wp:attachment":[{"href":"https:\/\/ptpue.tareaseditoriales.com\/index.php\/wp-json\/wp\/v2\/media?parent=563"}],"curies":[{"name":"wp","href":"https:\/\/api.w.org\/{rel}","templated":true}]}}