{"id":459,"date":"2024-12-26T10:52:53","date_gmt":"2024-12-26T16:52:53","guid":{"rendered":"https:\/\/ptpue.tareaseditoriales.com\/?page_id=459"},"modified":"2024-12-27T13:04:04","modified_gmt":"2024-12-27T19:04:04","slug":"459-2","status":"publish","type":"page","link":"https:\/\/ptpue.tareaseditoriales.com\/index.php\/459-2\/","title":{"rendered":""},"content":{"rendered":"\n<div class=\"wp-block-group alignfull has-global-padding is-layout-constrained wp-container-core-group-is-layout-490fa1db wp-block-group-is-layout-constrained\" style=\"padding-top:var(--wp--preset--spacing--50);padding-right:var(--wp--preset--spacing--50);padding-bottom:var(--wp--preset--spacing--50);padding-left:var(--wp--preset--spacing--50)\">\n<div class=\"wp-block-group has-global-padding is-layout-constrained wp-container-core-group-is-layout-650790e1 wp-block-group-is-layout-constrained\">\n<p class=\"has-text-align-left has-medium-font-size\">Cumpliendo con la Ley General de Partidos Pol\u00edticos, la cual fundamenta que cada partido deber\u00e1 realizar publicaciones de manera obligatoria, realizando tanto boletines de divulgaci\u00f3n, como boletines te\u00f3ricos, el Partido del Trabajo del Estado de Puebla ha producido contenidos dirigidos a la sociedad en general, para abonar en la construcci\u00f3n de la cultura democr\u00e1tica en M\u00e9xico, ante una realidad social y pol\u00edtica. Por lo que este a\u00f1o 2024, podr\u00e1s encontrarlos en los siguientes enlaces:<\/p>\n<\/div>\n<\/div>\n\n\n\n<div class=\"wp-block-group alignfull has-base-2-background-color has-background has-global-padding is-layout-constrained wp-container-core-group-is-layout-669513ed wp-block-group-is-layout-constrained\" style=\"margin-top:0;margin-bottom:0;padding-top:var(--wp--preset--spacing--50);padding-right:var(--wp--preset--spacing--50);padding-bottom:var(--wp--preset--spacing--50);padding-left:var(--wp--preset--spacing--50)\">\n<div class=\"wp-block-group is-vertical is-content-justification-center is-layout-flex wp-container-core-group-is-layout-52b864f0 wp-block-group-is-layout-flex\">\n<h2 class=\"wp-block-heading has-text-align-center is-style-asterisk\">Boletines De Divulgaci\u00f3n<\/h2>\n\n\n\n<div style=\"height:0px\" aria-hidden=\"true\" class=\"wp-block-spacer wp-container-content-4f2ccadb\"><\/div>\n<\/div>\n\n\n\n<div style=\"margin-top:0;margin-bottom:0;height:var(--wp--preset--spacing--40)\" aria-hidden=\"true\" class=\"wp-block-spacer\"><\/div>\n\n\n\n<div class=\"wp-block-columns alignwide is-layout-flex wp-container-core-columns-is-layout-d0bbbce0 wp-block-columns-is-layout-flex\">\n<div class=\"wp-block-column is-layout-flow wp-container-core-column-is-layout-e3d1c41b wp-block-column-is-layout-flow\">\n<h3 class=\"wp-block-heading has-text-align-left is-style-asterisk has-body-font-family has-medium-font-size\" style=\"font-style:normal;font-weight:600\"><a href=\"https:\/\/ptpue.tareaseditoriales.com\/index.php\/2024-2\/primer-trimestre-2\/\" data-type=\"page\" data-id=\"428\">PRIMER TRIMESTRE<\/a><\/h3>\n\n\n\n<figure class=\"wp-block-image size-full is-resized\"><img loading=\"lazy\" decoding=\"async\" width=\"792\" height=\"797\" src=\"https:\/\/ptpue.tareaseditoriales.com\/wp-content\/uploads\/2024\/12\/Captura-de-pantalla-2024-12-27-a-las-11.33.38\u202fa.m.png\" alt=\"\" class=\"wp-image-499\" style=\"width:283px;height:auto\" srcset=\"https:\/\/ptpue.tareaseditoriales.com\/wp-content\/uploads\/2024\/12\/Captura-de-pantalla-2024-12-27-a-las-11.33.38\u202fa.m.png 792w, https:\/\/ptpue.tareaseditoriales.com\/wp-content\/uploads\/2024\/12\/Captura-de-pantalla-2024-12-27-a-las-11.33.38\u202fa.m-298x300.png 298w, https:\/\/ptpue.tareaseditoriales.com\/wp-content\/uploads\/2024\/12\/Captura-de-pantalla-2024-12-27-a-las-11.33.38\u202fa.m-150x150.png 150w, https:\/\/ptpue.tareaseditoriales.com\/wp-content\/uploads\/2024\/12\/Captura-de-pantalla-2024-12-27-a-las-11.33.38\u202fa.m-768x773.png 768w\" sizes=\"auto, (max-width: 792px) 100vw, 792px\" \/><\/figure>\n\n\n\n<ul class=\"wp-block-list\">\n<li><a href=\"https:\/\/ptpue.tareaseditoriales.com\/index.php\/2024\/12\/20\/retos-de-la-izquierda-en-el-mexico-moderno\/\">Retos de la izquierda en el M\u00e9xico moderno<\/a><\/li>\n\n\n\n<li><a href=\"https:\/\/ptpue.tareaseditoriales.com\/index.php\/2024\/12\/20\/atencion-a-la-informacion-publica-como-derecho-fundamental\/\">Atenci\u00f3n a la informaci\u00f3n p\u00fablica como derecho fundamental<\/a><\/li>\n<\/ul>\n<\/div>\n\n\n\n<div class=\"wp-block-column is-layout-flow wp-container-core-column-is-layout-e3d1c41b wp-block-column-is-layout-flow\">\n<h3 class=\"wp-block-heading has-text-align-left is-style-asterisk has-body-font-family has-medium-font-size\" style=\"font-style:normal;font-weight:600\"><a href=\"https:\/\/ptpue.tareaseditoriales.com\/index.php\/2024-2\/segundo-trimestre-2\/\" data-type=\"page\" data-id=\"431\">SEGUNDO TRIMESTRE<\/a><\/h3>\n\n\n\n<figure class=\"wp-block-image size-large is-resized\"><img loading=\"lazy\" decoding=\"async\" width=\"1024\" height=\"808\" src=\"https:\/\/ptpue.tareaseditoriales.com\/wp-content\/uploads\/2024\/12\/Captura-de-pantalla-2024-12-27-a-las-11.42.53\u202fa.m-1024x808.png\" alt=\"\" class=\"wp-image-511\" style=\"width:370px;height:auto\" srcset=\"https:\/\/ptpue.tareaseditoriales.com\/wp-content\/uploads\/2024\/12\/Captura-de-pantalla-2024-12-27-a-las-11.42.53\u202fa.m-1024x808.png 1024w, https:\/\/ptpue.tareaseditoriales.com\/wp-content\/uploads\/2024\/12\/Captura-de-pantalla-2024-12-27-a-las-11.42.53\u202fa.m-300x237.png 300w, https:\/\/ptpue.tareaseditoriales.com\/wp-content\/uploads\/2024\/12\/Captura-de-pantalla-2024-12-27-a-las-11.42.53\u202fa.m-768x606.png 768w, https:\/\/ptpue.tareaseditoriales.com\/wp-content\/uploads\/2024\/12\/Captura-de-pantalla-2024-12-27-a-las-11.42.53\u202fa.m.png 1191w\" sizes=\"auto, (max-width: 1024px) 100vw, 1024px\" \/><\/figure>\n\n\n\n<ul class=\"wp-block-list\">\n<li><a href=\"https:\/\/ptpue.tareaseditoriales.com\/index.php\/2024\/12\/20\/justicia-y-democracia-en-donde-estamos-parados\/\">Justicia y democracia. \u00bfen d\u00f3nde estamos parados?<\/a><\/li>\n\n\n\n<li><a href=\"https:\/\/ptpue.tareaseditoriales.com\/index.php\/2024\/12\/20\/la-discriminacion-en-mexico-obstaculo-para-el-desarrollo-economico\/\">La discriminaci\u00f3n en M\u00e9xico. Obst\u00e1culo para el desarrollo econ\u00f3mico<\/a><\/li>\n<\/ul>\n<\/div>\n<\/div>\n\n\n\n<div style=\"height:var(--wp--preset--spacing--20)\" aria-hidden=\"true\" class=\"wp-block-spacer\"><\/div>\n\n\n\n<div class=\"wp-block-columns alignwide is-layout-flex wp-container-core-columns-is-layout-d0bbbce0 wp-block-columns-is-layout-flex\">\n<div class=\"wp-block-column is-layout-flow wp-container-core-column-is-layout-e3d1c41b wp-block-column-is-layout-flow\">\n<h3 class=\"wp-block-heading has-text-align-left is-style-asterisk has-body-font-family has-medium-font-size\" style=\"font-style:normal;font-weight:600\"><a href=\"https:\/\/ptpue.tareaseditoriales.com\/index.php\/2024-2\/tercer-trimestre2024\/\" data-type=\"page\" data-id=\"358\">TERCER TRIMESTRE<\/a><\/h3>\n\n\n\n<figure class=\"wp-block-image size-large is-resized\"><img loading=\"lazy\" decoding=\"async\" width=\"1024\" height=\"795\" src=\"https:\/\/ptpue.tareaseditoriales.com\/wp-content\/uploads\/2024\/12\/Captura-de-pantalla-2024-12-27-a-las-11.53.03\u202fa.m-1-1024x795.png\" alt=\"\" class=\"wp-image-532\" style=\"width:386px;height:auto\" srcset=\"https:\/\/ptpue.tareaseditoriales.com\/wp-content\/uploads\/2024\/12\/Captura-de-pantalla-2024-12-27-a-las-11.53.03\u202fa.m-1-1024x795.png 1024w, https:\/\/ptpue.tareaseditoriales.com\/wp-content\/uploads\/2024\/12\/Captura-de-pantalla-2024-12-27-a-las-11.53.03\u202fa.m-1-300x233.png 300w, https:\/\/ptpue.tareaseditoriales.com\/wp-content\/uploads\/2024\/12\/Captura-de-pantalla-2024-12-27-a-las-11.53.03\u202fa.m-1-768x596.png 768w, https:\/\/ptpue.tareaseditoriales.com\/wp-content\/uploads\/2024\/12\/Captura-de-pantalla-2024-12-27-a-las-11.53.03\u202fa.m-1.png 1519w\" sizes=\"auto, (max-width: 1024px) 100vw, 1024px\" \/><\/figure>\n\n\n\n<ul class=\"wp-block-list\">\n<li><a href=\"https:\/\/ptpue.tareaseditoriales.com\/index.php\/2024\/12\/20\/la-perspectiva-de-genero-en-la-comunicacion-politica\/\">La perspectiva de g\u00e9nero en la comunicaci\u00f3n pol\u00edtica<\/a><\/li>\n\n\n\n<li><a href=\"https:\/\/ptpue.tareaseditoriales.com\/index.php\/2024\/12\/20\/diversidad-politica-en-mexico\/\">Diversidad politica en M\u00e9xico<\/a><\/li>\n<\/ul>\n<\/div>\n\n\n\n<div class=\"wp-block-column is-layout-flow wp-container-core-column-is-layout-e3d1c41b wp-block-column-is-layout-flow\">\n<h3 class=\"wp-block-heading has-text-align-left is-style-asterisk has-body-font-family has-medium-font-size\" style=\"font-style:normal;font-weight:600\"><a href=\"https:\/\/ptpue.tareaseditoriales.com\/index.php\/2024-2\/cuarto-trimestre2024\/\" data-type=\"page\" data-id=\"360\">CUARTO TRIMESTRE<\/a><\/h3>\n\n\n\n<figure class=\"wp-block-image size-large is-resized\"><img loading=\"lazy\" decoding=\"async\" width=\"1024\" height=\"922\" src=\"https:\/\/ptpue.tareaseditoriales.com\/wp-content\/uploads\/2024\/12\/Captura-de-pantalla-2024-12-27-a-las-12.00.07\u202fp.m-1024x922.png\" alt=\"\" class=\"wp-image-538\" style=\"width:331px;height:auto\" srcset=\"https:\/\/ptpue.tareaseditoriales.com\/wp-content\/uploads\/2024\/12\/Captura-de-pantalla-2024-12-27-a-las-12.00.07\u202fp.m-1024x922.png 1024w, https:\/\/ptpue.tareaseditoriales.com\/wp-content\/uploads\/2024\/12\/Captura-de-pantalla-2024-12-27-a-las-12.00.07\u202fp.m-300x270.png 300w, https:\/\/ptpue.tareaseditoriales.com\/wp-content\/uploads\/2024\/12\/Captura-de-pantalla-2024-12-27-a-las-12.00.07\u202fp.m-768x691.png 768w, https:\/\/ptpue.tareaseditoriales.com\/wp-content\/uploads\/2024\/12\/Captura-de-pantalla-2024-12-27-a-las-12.00.07\u202fp.m.png 1032w\" sizes=\"auto, (max-width: 1024px) 100vw, 1024px\" \/><\/figure>\n\n\n\n<ul class=\"wp-block-list\">\n<li><a href=\"https:\/\/ptpue.tareaseditoriales.com\/index.php\/2024\/12\/20\/opinion-publica-y-medios-de-la-comunicacion\/\">Opini\u00f3n p\u00fablica y medios de la comunicaci\u00f3n<\/a><\/li>\n\n\n\n<li><a href=\"https:\/\/ptpue.tareaseditoriales.com\/index.php\/2024\/12\/20\/politica-y-ciudadania-digital\/\">Pol\u00edtica y ciudadan\u00eda digital<\/a><\/li>\n<\/ul>\n<\/div>\n<\/div>\n<\/div>\n\n\n\n<div class=\"wp-block-group alignfull has-global-padding is-layout-constrained wp-container-core-group-is-layout-d89aad35 wp-block-group-is-layout-constrained\" style=\"margin-top:0;margin-bottom:0;padding-top:var(--wp--preset--spacing--50);padding-right:var(--wp--preset--spacing--50);padding-bottom:var(--wp--preset--spacing--50);padding-left:var(--wp--preset--spacing--50)\">\n<div class=\"wp-block-group alignwide has-global-padding is-layout-constrained wp-container-core-group-is-layout-19e250f3 wp-block-group-is-layout-constrained\">\n<div class=\"wp-block-group is-vertical is-content-justification-center is-layout-flex wp-container-core-group-is-layout-6329a8f3 wp-block-group-is-layout-flex\">\n<h2 class=\"wp-block-heading has-text-align-center is-style-asterisk\">Boletines Te\u00f3ricos<\/h2>\n<\/div>\n\n\n\n<div style=\"height:var(--wp--preset--spacing--40)\" aria-hidden=\"true\" class=\"wp-block-spacer\"><\/div>\n\n\n\n<div class=\"wp-block-columns alignwide is-layout-flex wp-container-core-columns-is-layout-d1c656ed wp-block-columns-is-layout-flex\">\n<div class=\"wp-block-column is-vertically-aligned-center is-layout-flow wp-block-column-is-layout-flow\" style=\"flex-basis:40%\">\n<h3 class=\"wp-block-heading is-style-asterisk\"><a href=\"https:\/\/ptpue.tareaseditoriales.com\/index.php\/2024-2\/primer-semestre2024\/\" data-type=\"page\" data-id=\"363\">PRIMER SEMESTRE<\/a><\/h3>\n\n\n\n<ul style=\"line-height:1.75\" class=\"wp-block-list is-style-checkmark-list\">\n<li><a href=\"https:\/\/ptpue.tareaseditoriales.com\/index.php\/2024\/12\/20\/legitimidad-en-el-ejercicio-del-poder-politico\/\">Legitimidad en el ejercicio del poder pol\u00edtico<\/a><\/li>\n\n\n\n<li><a href=\"https:\/\/ptpue.tareaseditoriales.com\/index.php\/2024\/12\/20\/politica-y-administracion-publica-desafios-para-mejorar-un-pais\/\">Pol\u00edtica y administraci\u00f3n p\u00fablica: desaf\u00edos para mejorar un pa\u00eds<\/a><\/li>\n<\/ul>\n<\/div>\n\n\n\n<div class=\"wp-block-column is-layout-flow wp-block-column-is-layout-flow\" style=\"flex-basis:50%\">\n<figure class=\"wp-block-image size-large is-style-rounded is-style-rounded--1\"><img loading=\"lazy\" decoding=\"async\" width=\"1024\" height=\"980\" src=\"https:\/\/ptpue.tareaseditoriales.com\/wp-content\/uploads\/2024\/12\/Captura-de-pantalla-2024-12-26-a-las-12.33.29\u202fp.m-1024x980.png\" alt=\"\" class=\"wp-image-477\" srcset=\"https:\/\/ptpue.tareaseditoriales.com\/wp-content\/uploads\/2024\/12\/Captura-de-pantalla-2024-12-26-a-las-12.33.29\u202fp.m-1024x980.png 1024w, https:\/\/ptpue.tareaseditoriales.com\/wp-content\/uploads\/2024\/12\/Captura-de-pantalla-2024-12-26-a-las-12.33.29\u202fp.m-300x287.png 300w, https:\/\/ptpue.tareaseditoriales.com\/wp-content\/uploads\/2024\/12\/Captura-de-pantalla-2024-12-26-a-las-12.33.29\u202fp.m-768x735.png 768w, https:\/\/ptpue.tareaseditoriales.com\/wp-content\/uploads\/2024\/12\/Captura-de-pantalla-2024-12-26-a-las-12.33.29\u202fp.m.png 1369w\" sizes=\"auto, (max-width: 1024px) 100vw, 1024px\" \/><\/figure>\n<\/div>\n<\/div>\n\n\n\n<div style=\"height:var(--wp--preset--spacing--40)\" aria-hidden=\"true\" class=\"wp-block-spacer\"><\/div>\n\n\n\n<div class=\"wp-block-columns alignwide is-layout-flex wp-container-core-columns-is-layout-d1c656ed wp-block-columns-is-layout-flex\">\n<div class=\"wp-block-column is-layout-flow wp-block-column-is-layout-flow\" style=\"flex-basis:50%\">\n<figure class=\"wp-block-image size-large is-resized is-style-rounded is-style-rounded--2\"><img loading=\"lazy\" decoding=\"async\" width=\"878\" height=\"1024\" src=\"https:\/\/ptpue.tareaseditoriales.com\/wp-content\/uploads\/2024\/12\/Captura-de-pantalla-2024-12-27-a-las-11.21.59\u202fa.m-878x1024.png\" alt=\"\" class=\"wp-image-488\" style=\"width:370px;height:auto\" srcset=\"https:\/\/ptpue.tareaseditoriales.com\/wp-content\/uploads\/2024\/12\/Captura-de-pantalla-2024-12-27-a-las-11.21.59\u202fa.m-878x1024.png 878w, https:\/\/ptpue.tareaseditoriales.com\/wp-content\/uploads\/2024\/12\/Captura-de-pantalla-2024-12-27-a-las-11.21.59\u202fa.m-257x300.png 257w, https:\/\/ptpue.tareaseditoriales.com\/wp-content\/uploads\/2024\/12\/Captura-de-pantalla-2024-12-27-a-las-11.21.59\u202fa.m-768x896.png 768w, https:\/\/ptpue.tareaseditoriales.com\/wp-content\/uploads\/2024\/12\/Captura-de-pantalla-2024-12-27-a-las-11.21.59\u202fa.m.png 967w\" sizes=\"auto, (max-width: 878px) 100vw, 878px\" \/><\/figure>\n<\/div>\n\n\n\n<div class=\"wp-block-column is-vertically-aligned-center is-layout-flow wp-block-column-is-layout-flow\" style=\"flex-basis:40%\">\n<h3 class=\"wp-block-heading is-style-asterisk\"><a href=\"https:\/\/ptpue.tareaseditoriales.com\/index.php\/2024-2\/segundo-semestre2024\/\" data-type=\"page\" data-id=\"366\">SEGUNDO SEMESTRE<\/a><\/h3>\n\n\n\n<ul style=\"line-height:1.75\" class=\"wp-block-list is-style-checkmark-list\">\n<li><a href=\"https:\/\/ptpue.tareaseditoriales.com\/index.php\/2024\/12\/20\/el-discurso-politico-contemporaneo\/\">El discurso pol\u00edtico contempor\u00e1neo<\/a><\/li>\n\n\n\n<li><a href=\"https:\/\/ptpue.tareaseditoriales.com\/index.php\/2024\/12\/20\/incidencia-ciudadana\/\">Incidencia ciudadana<\/a><\/li>\n<\/ul>\n<\/div>\n<\/div>\n<\/div>\n<\/div>\n<div class=\"pvc_clear\"><\/div><p id=\"pvc_stats_459\" class=\"pvc_stats all  \" data-element-id=\"459\" style=\"\"><i class=\"pvc-stats-icon medium\" aria-hidden=\"true\"><svg aria-hidden=\"true\" focusable=\"false\" data-prefix=\"far\" data-icon=\"chart-bar\" role=\"img\" xmlns=\"http:\/\/www.w3.org\/2000\/svg\" viewBox=\"0 0 512 512\" class=\"svg-inline--fa fa-chart-bar fa-w-16 fa-2x\"><path fill=\"currentColor\" d=\"M396.8 352h22.4c6.4 0 12.8-6.4 12.8-12.8V108.8c0-6.4-6.4-12.8-12.8-12.8h-22.4c-6.4 0-12.8 6.4-12.8 12.8v230.4c0 6.4 6.4 12.8 12.8 12.8zm-192 0h22.4c6.4 0 12.8-6.4 12.8-12.8V140.8c0-6.4-6.4-12.8-12.8-12.8h-22.4c-6.4 0-12.8 6.4-12.8 12.8v198.4c0 6.4 6.4 12.8 12.8 12.8zm96 0h22.4c6.4 0 12.8-6.4 12.8-12.8V204.8c0-6.4-6.4-12.8-12.8-12.8h-22.4c-6.4 0-12.8 6.4-12.8 12.8v134.4c0 6.4 6.4 12.8 12.8 12.8zM496 400H48V80c0-8.84-7.16-16-16-16H16C7.16 64 0 71.16 0 80v336c0 17.67 14.33 32 32 32h464c8.84 0 16-7.16 16-16v-16c0-8.84-7.16-16-16-16zm-387.2-48h22.4c6.4 0 12.8-6.4 12.8-12.8v-70.4c0-6.4-6.4-12.8-12.8-12.8h-22.4c-6.4 0-12.8 6.4-12.8 12.8v70.4c0 6.4 6.4 12.8 12.8 12.8z\" class=\"\"><\/path><\/svg><\/i> <img loading=\"lazy\" decoding=\"async\" width=\"16\" height=\"16\" alt=\"Loading\" src=\"https:\/\/ptpue.tareaseditoriales.com\/wp-content\/plugins\/page-views-count\/ajax-loader-2x.gif\" border=0 \/><\/p><div class=\"pvc_clear\"><\/div>","protected":false},"excerpt":{"rendered":"<p>Cumpliendo con la Ley General de Partidos Pol\u00edticos, la cual fundamenta que cada partido deber\u00e1 realizar publicaciones de manera obligatoria, realizando tanto boletines de divulgaci\u00f3n, como boletines te\u00f3ricos, el Partido del Trabajo del Estado de Puebla ha producido contenidos dirigidos a la sociedad en general, para abonar en la construcci\u00f3n de la cultura democr\u00e1tica en [&hellip;]<\/p>\n<div class=\"pvc_clear\"><\/div>\n<p id=\"pvc_stats_459\" class=\"pvc_stats all  \" data-element-id=\"459\" style=\"\"><i class=\"pvc-stats-icon medium\" aria-hidden=\"true\"><svg aria-hidden=\"true\" focusable=\"false\" data-prefix=\"far\" data-icon=\"chart-bar\" role=\"img\" xmlns=\"http:\/\/www.w3.org\/2000\/svg\" viewBox=\"0 0 512 512\" class=\"svg-inline--fa fa-chart-bar fa-w-16 fa-2x\"><path fill=\"currentColor\" d=\"M396.8 352h22.4c6.4 0 12.8-6.4 12.8-12.8V108.8c0-6.4-6.4-12.8-12.8-12.8h-22.4c-6.4 0-12.8 6.4-12.8 12.8v230.4c0 6.4 6.4 12.8 12.8 12.8zm-192 0h22.4c6.4 0 12.8-6.4 12.8-12.8V140.8c0-6.4-6.4-12.8-12.8-12.8h-22.4c-6.4 0-12.8 6.4-12.8 12.8v198.4c0 6.4 6.4 12.8 12.8 12.8zm96 0h22.4c6.4 0 12.8-6.4 12.8-12.8V204.8c0-6.4-6.4-12.8-12.8-12.8h-22.4c-6.4 0-12.8 6.4-12.8 12.8v134.4c0 6.4 6.4 12.8 12.8 12.8zM496 400H48V80c0-8.84-7.16-16-16-16H16C7.16 64 0 71.16 0 80v336c0 17.67 14.33 32 32 32h464c8.84 0 16-7.16 16-16v-16c0-8.84-7.16-16-16-16zm-387.2-48h22.4c6.4 0 12.8-6.4 12.8-12.8v-70.4c0-6.4-6.4-12.8-12.8-12.8h-22.4c-6.4 0-12.8 6.4-12.8 12.8v70.4c0 6.4 6.4 12.8 12.8 12.8z\" class=\"\"><\/path><\/svg><\/i> <img loading=\"lazy\" decoding=\"async\" width=\"16\" height=\"16\" alt=\"Loading\" src=\"https:\/\/ptpue.tareaseditoriales.com\/wp-content\/plugins\/page-views-count\/ajax-loader-2x.gif\" border=0 \/><\/p>\n<div class=\"pvc_clear\"><\/div>\n","protected":false},"author":1,"featured_media":0,"parent":0,"menu_order":0,"comment_status":"closed","ping_status":"closed","template":"","meta":{"footnotes":""},"class_list":["post-459","page","type-page","status-publish","hentry"],"_links":{"self":[{"href":"https:\/\/ptpue.tareaseditoriales.com\/index.php\/wp-json\/wp\/v2\/pages\/459","targetHints":{"allow":["GET"]}}],"collection":[{"href":"https:\/\/ptpue.tareaseditoriales.com\/index.php\/wp-json\/wp\/v2\/pages"}],"about":[{"href":"https:\/\/ptpue.tareaseditoriales.com\/index.php\/wp-json\/wp\/v2\/types\/page"}],"author":[{"embeddable":true,"href":"https:\/\/ptpue.tareaseditoriales.com\/index.php\/wp-json\/wp\/v2\/users\/1"}],"replies":[{"embeddable":true,"href":"https:\/\/ptpue.tareaseditoriales.com\/index.php\/wp-json\/wp\/v2\/comments?post=459"}],"version-history":[{"count":10,"href":"https:\/\/ptpue.tareaseditoriales.com\/index.php\/wp-json\/wp\/v2\/pages\/459\/revisions"}],"predecessor-version":[{"id":553,"href":"https:\/\/ptpue.tareaseditoriales.com\/index.php\/wp-json\/wp\/v2\/pages\/459\/revisions\/553"}],"wp:attachment":[{"href":"https:\/\/ptpue.tareaseditoriales.com\/index.php\/wp-json\/wp\/v2\/media?parent=459"}],"curies":[{"name":"wp","href":"https:\/\/api.w.org\/{rel}","templated":true}]}}