{"id":358,"date":"2024-12-20T13:39:07","date_gmt":"2024-12-20T19:39:07","guid":{"rendered":"https:\/\/ptpue.tareaseditoriales.com\/?page_id=358"},"modified":"2024-12-27T11:59:32","modified_gmt":"2024-12-27T17:59:32","slug":"tercer-trimestre2024","status":"publish","type":"page","link":"https:\/\/ptpue.tareaseditoriales.com\/index.php\/2024-2\/tercer-trimestre2024\/","title":{"rendered":"TERCER TRIMESTRE"},"content":{"rendered":"\n<div class=\"wp-block-group alignfull has-accent-background-color has-background has-global-padding is-layout-constrained wp-container-core-group-is-layout-669513ed wp-block-group-is-layout-constrained\" style=\"margin-top:0;margin-bottom:0;padding-top:var(--wp--preset--spacing--50);padding-right:var(--wp--preset--spacing--50);padding-bottom:var(--wp--preset--spacing--50);padding-left:var(--wp--preset--spacing--50)\">\n<div class=\"wp-block-columns alignwide is-layout-flex wp-container-core-columns-is-layout-1da03c2a wp-block-columns-is-layout-flex\">\n<div class=\"wp-block-column is-vertically-aligned-stretch is-layout-flow wp-block-column-is-layout-flow\" style=\"flex-basis:50%\">\n<div class=\"wp-block-group is-vertical is-content-justification-stretch is-layout-flex wp-container-core-group-is-layout-444d5ee8 wp-block-group-is-layout-flex\" style=\"min-height:100%\">\n<p class=\"has-heading-font-family has-x-large-font-size\" style=\"line-height:1.2\"><a href=\"https:\/\/ptpue.tareaseditoriales.com\/index.php\/2024\/12\/20\/la-perspectiva-de-genero-en-la-comunicacion-politica\/\" data-type=\"link\" data-id=\"https:\/\/ptpue.tareaseditoriales.com\/index.php\/2024\/12\/20\/la-perspectiva-de-genero-en-la-comunicacion-politica\/\">La perspectiva de g\u00e9nero en la comunicaci\u00f3n pol\u00edtica<\/a><\/p>\n<\/div>\n<\/div>\n\n\n\n<div class=\"wp-block-column is-vertically-aligned-center is-layout-flow wp-block-column-is-layout-flow\" style=\"flex-basis:50%\">\n<figure class=\"wp-block-image size-large is-resized is-style-rounded is-style-rounded--1\"><img loading=\"lazy\" decoding=\"async\" width=\"1024\" height=\"795\" src=\"https:\/\/ptpue.tareaseditoriales.com\/wp-content\/uploads\/2024\/12\/Captura-de-pantalla-2024-12-27-a-las-11.53.03\u202fa.m-1024x795.png\" alt=\"\" class=\"wp-image-523\" style=\"aspect-ratio:0.75;object-fit:cover;width:263px;height:auto\" srcset=\"https:\/\/ptpue.tareaseditoriales.com\/wp-content\/uploads\/2024\/12\/Captura-de-pantalla-2024-12-27-a-las-11.53.03\u202fa.m-1024x795.png 1024w, https:\/\/ptpue.tareaseditoriales.com\/wp-content\/uploads\/2024\/12\/Captura-de-pantalla-2024-12-27-a-las-11.53.03\u202fa.m-300x233.png 300w, https:\/\/ptpue.tareaseditoriales.com\/wp-content\/uploads\/2024\/12\/Captura-de-pantalla-2024-12-27-a-las-11.53.03\u202fa.m-768x596.png 768w, https:\/\/ptpue.tareaseditoriales.com\/wp-content\/uploads\/2024\/12\/Captura-de-pantalla-2024-12-27-a-las-11.53.03\u202fa.m.png 1519w\" sizes=\"auto, (max-width: 1024px) 100vw, 1024px\" \/><\/figure>\n<\/div>\n<\/div>\n<\/div>\n\n\n\n<div class=\"wp-block-group alignfull has-accent-5-background-color has-background has-global-padding is-layout-constrained wp-container-core-group-is-layout-d89aad35 wp-block-group-is-layout-constrained\" style=\"margin-top:0;margin-bottom:0;padding-top:var(--wp--preset--spacing--50);padding-right:var(--wp--preset--spacing--50);padding-bottom:var(--wp--preset--spacing--50);padding-left:var(--wp--preset--spacing--50)\">\n<div class=\"wp-block-columns alignwide is-layout-flex wp-container-core-columns-is-layout-1da03c2a wp-block-columns-is-layout-flex\">\n<div class=\"wp-block-column is-vertically-aligned-center is-layout-flow wp-block-column-is-layout-flow\" style=\"flex-basis:60%\">\n<figure class=\"wp-block-image size-full is-resized is-style-rounded wp-duotone-duotone-1 is-style-rounded--2\"><img loading=\"lazy\" decoding=\"async\" width=\"842\" height=\"1036\" src=\"https:\/\/ptpue.tareaseditoriales.com\/wp-content\/uploads\/2024\/12\/Captura-de-pantalla-2024-12-27-a-las-11.57.17\u202fa.m.png\" alt=\"\" class=\"wp-image-530\" style=\"aspect-ratio:1.3333333333333333;object-fit:cover;width:317px;height:auto\" srcset=\"https:\/\/ptpue.tareaseditoriales.com\/wp-content\/uploads\/2024\/12\/Captura-de-pantalla-2024-12-27-a-las-11.57.17\u202fa.m.png 842w, https:\/\/ptpue.tareaseditoriales.com\/wp-content\/uploads\/2024\/12\/Captura-de-pantalla-2024-12-27-a-las-11.57.17\u202fa.m-244x300.png 244w, https:\/\/ptpue.tareaseditoriales.com\/wp-content\/uploads\/2024\/12\/Captura-de-pantalla-2024-12-27-a-las-11.57.17\u202fa.m-832x1024.png 832w, https:\/\/ptpue.tareaseditoriales.com\/wp-content\/uploads\/2024\/12\/Captura-de-pantalla-2024-12-27-a-las-11.57.17\u202fa.m-768x945.png 768w\" sizes=\"auto, (max-width: 842px) 100vw, 842px\" \/><\/figure>\n<\/div>\n\n\n\n<div class=\"wp-block-column is-layout-flow wp-block-column-is-layout-flow\" style=\"flex-basis:40%\">\n<h2 class=\"wp-block-heading\"><a href=\"https:\/\/ptpue.tareaseditoriales.com\/index.php\/2024\/12\/20\/diversidad-politica-en-mexico\/\" data-type=\"link\" data-id=\"https:\/\/ptpue.tareaseditoriales.com\/index.php\/2024\/12\/20\/diversidad-politica-en-mexico\/\">Diversidad politica en M\u00e9xico<\/a><\/h2>\n\n\n\n<div class=\"wp-block-buttons is-layout-flex wp-block-buttons-is-layout-flex\"><\/div>\n<\/div>\n<\/div>\n<\/div>\n<div class=\"pvc_clear\"><\/div><p id=\"pvc_stats_358\" class=\"pvc_stats all  \" data-element-id=\"358\" style=\"\"><i class=\"pvc-stats-icon medium\" aria-hidden=\"true\"><svg aria-hidden=\"true\" focusable=\"false\" data-prefix=\"far\" data-icon=\"chart-bar\" role=\"img\" xmlns=\"http:\/\/www.w3.org\/2000\/svg\" viewBox=\"0 0 512 512\" class=\"svg-inline--fa fa-chart-bar fa-w-16 fa-2x\"><path fill=\"currentColor\" d=\"M396.8 352h22.4c6.4 0 12.8-6.4 12.8-12.8V108.8c0-6.4-6.4-12.8-12.8-12.8h-22.4c-6.4 0-12.8 6.4-12.8 12.8v230.4c0 6.4 6.4 12.8 12.8 12.8zm-192 0h22.4c6.4 0 12.8-6.4 12.8-12.8V140.8c0-6.4-6.4-12.8-12.8-12.8h-22.4c-6.4 0-12.8 6.4-12.8 12.8v198.4c0 6.4 6.4 12.8 12.8 12.8zm96 0h22.4c6.4 0 12.8-6.4 12.8-12.8V204.8c0-6.4-6.4-12.8-12.8-12.8h-22.4c-6.4 0-12.8 6.4-12.8 12.8v134.4c0 6.4 6.4 12.8 12.8 12.8zM496 400H48V80c0-8.84-7.16-16-16-16H16C7.16 64 0 71.16 0 80v336c0 17.67 14.33 32 32 32h464c8.84 0 16-7.16 16-16v-16c0-8.84-7.16-16-16-16zm-387.2-48h22.4c6.4 0 12.8-6.4 12.8-12.8v-70.4c0-6.4-6.4-12.8-12.8-12.8h-22.4c-6.4 0-12.8 6.4-12.8 12.8v70.4c0 6.4 6.4 12.8 12.8 12.8z\" class=\"\"><\/path><\/svg><\/i> <img loading=\"lazy\" decoding=\"async\" width=\"16\" height=\"16\" alt=\"Loading\" src=\"https:\/\/ptpue.tareaseditoriales.com\/wp-content\/plugins\/page-views-count\/ajax-loader-2x.gif\" border=0 \/><\/p><div class=\"pvc_clear\"><\/div>","protected":false},"excerpt":{"rendered":"<p>La perspectiva de g\u00e9nero en la comunicaci\u00f3n pol\u00edtica Diversidad politica en M\u00e9xico<\/p>\n<div class=\"pvc_clear\"><\/div>\n<p id=\"pvc_stats_358\" class=\"pvc_stats all  \" data-element-id=\"358\" style=\"\"><i class=\"pvc-stats-icon medium\" aria-hidden=\"true\"><svg aria-hidden=\"true\" focusable=\"false\" data-prefix=\"far\" data-icon=\"chart-bar\" role=\"img\" xmlns=\"http:\/\/www.w3.org\/2000\/svg\" viewBox=\"0 0 512 512\" class=\"svg-inline--fa fa-chart-bar fa-w-16 fa-2x\"><path fill=\"currentColor\" d=\"M396.8 352h22.4c6.4 0 12.8-6.4 12.8-12.8V108.8c0-6.4-6.4-12.8-12.8-12.8h-22.4c-6.4 0-12.8 6.4-12.8 12.8v230.4c0 6.4 6.4 12.8 12.8 12.8zm-192 0h22.4c6.4 0 12.8-6.4 12.8-12.8V140.8c0-6.4-6.4-12.8-12.8-12.8h-22.4c-6.4 0-12.8 6.4-12.8 12.8v198.4c0 6.4 6.4 12.8 12.8 12.8zm96 0h22.4c6.4 0 12.8-6.4 12.8-12.8V204.8c0-6.4-6.4-12.8-12.8-12.8h-22.4c-6.4 0-12.8 6.4-12.8 12.8v134.4c0 6.4 6.4 12.8 12.8 12.8zM496 400H48V80c0-8.84-7.16-16-16-16H16C7.16 64 0 71.16 0 80v336c0 17.67 14.33 32 32 32h464c8.84 0 16-7.16 16-16v-16c0-8.84-7.16-16-16-16zm-387.2-48h22.4c6.4 0 12.8-6.4 12.8-12.8v-70.4c0-6.4-6.4-12.8-12.8-12.8h-22.4c-6.4 0-12.8 6.4-12.8 12.8v70.4c0 6.4 6.4 12.8 12.8 12.8z\" class=\"\"><\/path><\/svg><\/i> <img loading=\"lazy\" decoding=\"async\" width=\"16\" height=\"16\" alt=\"Loading\" src=\"https:\/\/ptpue.tareaseditoriales.com\/wp-content\/plugins\/page-views-count\/ajax-loader-2x.gif\" border=0 \/><\/p>\n<div class=\"pvc_clear\"><\/div>\n","protected":false},"author":1,"featured_media":0,"parent":287,"menu_order":0,"comment_status":"closed","ping_status":"closed","template":"","meta":{"footnotes":""},"class_list":["post-358","page","type-page","status-publish","hentry"],"_links":{"self":[{"href":"https:\/\/ptpue.tareaseditoriales.com\/index.php\/wp-json\/wp\/v2\/pages\/358","targetHints":{"allow":["GET"]}}],"collection":[{"href":"https:\/\/ptpue.tareaseditoriales.com\/index.php\/wp-json\/wp\/v2\/pages"}],"about":[{"href":"https:\/\/ptpue.tareaseditoriales.com\/index.php\/wp-json\/wp\/v2\/types\/page"}],"author":[{"embeddable":true,"href":"https:\/\/ptpue.tareaseditoriales.com\/index.php\/wp-json\/wp\/v2\/users\/1"}],"replies":[{"embeddable":true,"href":"https:\/\/ptpue.tareaseditoriales.com\/index.php\/wp-json\/wp\/v2\/comments?post=358"}],"version-history":[{"count":8,"href":"https:\/\/ptpue.tareaseditoriales.com\/index.php\/wp-json\/wp\/v2\/pages\/358\/revisions"}],"predecessor-version":[{"id":535,"href":"https:\/\/ptpue.tareaseditoriales.com\/index.php\/wp-json\/wp\/v2\/pages\/358\/revisions\/535"}],"up":[{"embeddable":true,"href":"https:\/\/ptpue.tareaseditoriales.com\/index.php\/wp-json\/wp\/v2\/pages\/287"}],"wp:attachment":[{"href":"https:\/\/ptpue.tareaseditoriales.com\/index.php\/wp-json\/wp\/v2\/media?parent=358"}],"curies":[{"name":"wp","href":"https:\/\/api.w.org\/{rel}","templated":true}]}}