{"id":174,"date":"2023-12-20T13:46:55","date_gmt":"2023-12-20T19:46:55","guid":{"rendered":"https:\/\/ptpue.tareaseditoriales.com\/?page_id=174"},"modified":"2023-12-20T15:02:39","modified_gmt":"2023-12-20T21:02:39","slug":"primer-semestre","status":"publish","type":"page","link":"https:\/\/ptpue.tareaseditoriales.com\/index.php\/primer-semestre\/","title":{"rendered":"PRIMER SEMESTRE"},"content":{"rendered":"\n<p class=\"has-base-color has-text-color has-background has-link-color wp-elements-8111b194dc60ca5cd4c218cfbeca7d23\" style=\"background-color:#250505\">BOLETINES TE\u00d3RICOS<\/p>\n\n\n\n<div class=\"wp-block-media-text is-stacked-on-mobile\"><figure class=\"wp-block-media-text__media\"><img loading=\"lazy\" decoding=\"async\" width=\"1024\" height=\"678\" src=\"https:\/\/ptpue.tareaseditoriales.com\/wp-content\/uploads\/2023\/12\/a701-1024x678.png\" alt=\"\" class=\"wp-image-125 size-full\" srcset=\"https:\/\/ptpue.tareaseditoriales.com\/wp-content\/uploads\/2023\/12\/a701-1024x678.png 1024w, https:\/\/ptpue.tareaseditoriales.com\/wp-content\/uploads\/2023\/12\/a701-300x199.png 300w, https:\/\/ptpue.tareaseditoriales.com\/wp-content\/uploads\/2023\/12\/a701-768x509.png 768w, https:\/\/ptpue.tareaseditoriales.com\/wp-content\/uploads\/2023\/12\/a701-1536x1017.png 1536w, https:\/\/ptpue.tareaseditoriales.com\/wp-content\/uploads\/2023\/12\/a701.png 1548w\" sizes=\"auto, (max-width: 1024px) 100vw, 1024px\" \/><\/figure><div class=\"wp-block-media-text__content\">\n<p><a href=\"https:\/\/ptpue.tareaseditoriales.com\/index.php\/2023\/12\/20\/reflexiones-sobre-el-70-aniversario-del-voto-de-las-mujeres-en-mexico\/\">REFLEXIONES SOBRE EL 70 ANIVERSARIO DEL VOTO DE LAS MUJERES EN M\u00c9XICO<\/a><\/p>\n<\/div><\/div>\n\n\n\n<div class=\"wp-block-media-text is-stacked-on-mobile\"><figure class=\"wp-block-media-text__media\"><img loading=\"lazy\" decoding=\"async\" width=\"1024\" height=\"473\" src=\"https:\/\/ptpue.tareaseditoriales.com\/wp-content\/uploads\/2023\/12\/scc1-1024x473.png\" alt=\"\" class=\"wp-image-130 size-full\" srcset=\"https:\/\/ptpue.tareaseditoriales.com\/wp-content\/uploads\/2023\/12\/scc1-1024x473.png 1024w, https:\/\/ptpue.tareaseditoriales.com\/wp-content\/uploads\/2023\/12\/scc1-300x138.png 300w, https:\/\/ptpue.tareaseditoriales.com\/wp-content\/uploads\/2023\/12\/scc1-768x354.png 768w, https:\/\/ptpue.tareaseditoriales.com\/wp-content\/uploads\/2023\/12\/scc1.png 1129w\" sizes=\"auto, (max-width: 1024px) 100vw, 1024px\" \/><\/figure><div class=\"wp-block-media-text__content\">\n<p><a href=\"https:\/\/ptpue.tareaseditoriales.com\/index.php\/2023\/12\/20\/la-sociedad-civil-y-la-ciudadania-contra-la-corrupcion\/\">LA SOCIEDAD CIVIL Y LA CIUDADAN\u00cdA CONTRA LA CORRUPCI\u00d3N<\/a><\/p>\n<\/div><\/div>\n","protected":false},"excerpt":{"rendered":"<p>BOLETINES TE\u00d3RICOS REFLEXIONES SOBRE EL 70 ANIVERSARIO DEL VOTO DE LAS MUJERES EN M\u00c9XICO LA SOCIEDAD CIVIL Y LA CIUDADAN\u00cdA CONTRA LA CORRUPCI\u00d3N<\/p>\n","protected":false},"author":1,"featured_media":0,"parent":0,"menu_order":1,"comment_status":"closed","ping_status":"closed","template":"","meta":{"footnotes":""},"class_list":["post-174","page","type-page","status-publish","hentry"],"_links":{"self":[{"href":"https:\/\/ptpue.tareaseditoriales.com\/index.php\/wp-json\/wp\/v2\/pages\/174","targetHints":{"allow":["GET"]}}],"collection":[{"href":"https:\/\/ptpue.tareaseditoriales.com\/index.php\/wp-json\/wp\/v2\/pages"}],"about":[{"href":"https:\/\/ptpue.tareaseditoriales.com\/index.php\/wp-json\/wp\/v2\/types\/page"}],"author":[{"embeddable":true,"href":"https:\/\/ptpue.tareaseditoriales.com\/index.php\/wp-json\/wp\/v2\/users\/1"}],"replies":[{"embeddable":true,"href":"https:\/\/ptpue.tareaseditoriales.com\/index.php\/wp-json\/wp\/v2\/comments?post=174"}],"version-history":[{"count":3,"href":"https:\/\/ptpue.tareaseditoriales.com\/index.php\/wp-json\/wp\/v2\/pages\/174\/revisions"}],"predecessor-version":[{"id":178,"href":"https:\/\/ptpue.tareaseditoriales.com\/index.php\/wp-json\/wp\/v2\/pages\/174\/revisions\/178"}],"wp:attachment":[{"href":"https:\/\/ptpue.tareaseditoriales.com\/index.php\/wp-json\/wp\/v2\/media?parent=174"}],"curies":[{"name":"wp","href":"https:\/\/api.w.org\/{rel}","templated":true}]}}