{"id":157,"date":"2023-12-20T06:39:17","date_gmt":"2023-12-20T05:39:17","guid":{"rendered":"https:\/\/ptpue.tareaseditoriales.com\/?page_id=157"},"modified":"2023-12-30T15:56:44","modified_gmt":"2023-12-30T21:56:44","slug":"tercer-trimestre","status":"publish","type":"page","link":"https:\/\/ptpue.tareaseditoriales.com\/index.php\/tercer-trimestre\/","title":{"rendered":"TERCER TRIMESTRE"},"content":{"rendered":"\n<p class=\"has-base-color has-text-color has-background has-link-color wp-elements-959fc176e87d44f1edc01e732ae8e4fb\" style=\"background-color:#250505\">BOLETINES DE DIVULGACI\u00d3N<\/p>\n\n\n\n<div class=\"wp-block-media-text is-stacked-on-mobile\"><figure class=\"wp-block-media-text__media\"><img loading=\"lazy\" decoding=\"async\" width=\"970\" height=\"551\" src=\"https:\/\/ptpue.tareaseditoriales.com\/wp-content\/uploads\/2023\/12\/ap1-e1702936972124.png\" alt=\"\" class=\"wp-image-34 size-full\" srcset=\"https:\/\/ptpue.tareaseditoriales.com\/wp-content\/uploads\/2023\/12\/ap1-e1702936972124.png 970w, https:\/\/ptpue.tareaseditoriales.com\/wp-content\/uploads\/2023\/12\/ap1-e1702936972124-300x170.png 300w, https:\/\/ptpue.tareaseditoriales.com\/wp-content\/uploads\/2023\/12\/ap1-e1702936972124-768x436.png 768w\" sizes=\"auto, (max-width: 970px) 100vw, 970px\" \/><\/figure><div class=\"wp-block-media-text__content\">\n<p><a href=\"https:\/\/ptpue.tareaseditoriales.com\/index.php\/2023\/12\/19\/funciones-y-responsabilidades-de-las-agrupaciones-politicas-en-mexico\/\">FUNCIONES Y RESPONSABILIDADES DE LAS AGRUPACIONES POL\u00cdTICAS EN M\u00c9XICO<\/a><\/p>\n<\/div><\/div>\n\n\n\n<div class=\"wp-block-media-text is-stacked-on-mobile\"><figure class=\"wp-block-media-text__media\"><img loading=\"lazy\" decoding=\"async\" width=\"634\" height=\"420\" src=\"https:\/\/ptpue.tareaseditoriales.com\/wp-content\/uploads\/2023\/12\/pa2-e1702936960899.png\" alt=\"\" class=\"wp-image-25 size-full\" srcset=\"https:\/\/ptpue.tareaseditoriales.com\/wp-content\/uploads\/2023\/12\/pa2-e1702936960899.png 634w, https:\/\/ptpue.tareaseditoriales.com\/wp-content\/uploads\/2023\/12\/pa2-e1702936960899-300x199.png 300w\" sizes=\"auto, (max-width: 634px) 100vw, 634px\" \/><\/figure><div class=\"wp-block-media-text__content\">\n<p><a href=\"https:\/\/ptpue.tareaseditoriales.com\/index.php\/2023\/12\/21\/participacion-y-absencionismo-a-traves-de-las-transformaciones-de-mexico\/\">PARTICIPACI\u00d3N Y ABSTENCIONISMO A TRAV\u00c9S DE LAS TRANSFORMACIONES DE M\u00c9XICO<\/a><\/p>\n<\/div><\/div>\n","protected":false},"excerpt":{"rendered":"<p>BOLETINES DE DIVULGACI\u00d3N FUNCIONES Y RESPONSABILIDADES DE LAS AGRUPACIONES POL\u00cdTICAS EN M\u00c9XICO PARTICIPACI\u00d3N Y ABSTENCIONISMO A TRAV\u00c9S DE LAS TRANSFORMACIONES DE M\u00c9XICO<\/p>\n","protected":false},"author":1,"featured_media":0,"parent":0,"menu_order":2,"comment_status":"closed","ping_status":"closed","template":"","meta":{"footnotes":""},"class_list":["post-157","page","type-page","status-publish","hentry"],"_links":{"self":[{"href":"https:\/\/ptpue.tareaseditoriales.com\/index.php\/wp-json\/wp\/v2\/pages\/157","targetHints":{"allow":["GET"]}}],"collection":[{"href":"https:\/\/ptpue.tareaseditoriales.com\/index.php\/wp-json\/wp\/v2\/pages"}],"about":[{"href":"https:\/\/ptpue.tareaseditoriales.com\/index.php\/wp-json\/wp\/v2\/types\/page"}],"author":[{"embeddable":true,"href":"https:\/\/ptpue.tareaseditoriales.com\/index.php\/wp-json\/wp\/v2\/users\/1"}],"replies":[{"embeddable":true,"href":"https:\/\/ptpue.tareaseditoriales.com\/index.php\/wp-json\/wp\/v2\/comments?post=157"}],"version-history":[{"count":7,"href":"https:\/\/ptpue.tareaseditoriales.com\/index.php\/wp-json\/wp\/v2\/pages\/157\/revisions"}],"predecessor-version":[{"id":283,"href":"https:\/\/ptpue.tareaseditoriales.com\/index.php\/wp-json\/wp\/v2\/pages\/157\/revisions\/283"}],"wp:attachment":[{"href":"https:\/\/ptpue.tareaseditoriales.com\/index.php\/wp-json\/wp\/v2\/media?parent=157"}],"curies":[{"name":"wp","href":"https:\/\/api.w.org\/{rel}","templated":true}]}}