{"id":153,"date":"2023-12-20T06:34:05","date_gmt":"2023-12-20T05:34:05","guid":{"rendered":"https:\/\/ptpue.tareaseditoriales.com\/?page_id=153"},"modified":"2023-12-20T15:03:51","modified_gmt":"2023-12-20T21:03:51","slug":"segundo-trimestre","status":"publish","type":"page","link":"https:\/\/ptpue.tareaseditoriales.com\/index.php\/segundo-trimestre\/","title":{"rendered":"SEGUNDO TRIMESTRE"},"content":{"rendered":"\n<p class=\"has-base-color has-text-color has-background has-link-color wp-elements-959fc176e87d44f1edc01e732ae8e4fb\" style=\"background-color:#250505\">BOLETINES DE DIVULGACI\u00d3N<\/p>\n\n\n\n<div class=\"wp-block-media-text is-stacked-on-mobile\"><figure class=\"wp-block-media-text__media\"><img loading=\"lazy\" decoding=\"async\" width=\"679\" height=\"665\" src=\"https:\/\/ptpue.tareaseditoriales.com\/wp-content\/uploads\/2023\/12\/rs1-e1702959344465.png\" alt=\"\" class=\"wp-image-29 size-full\" srcset=\"https:\/\/ptpue.tareaseditoriales.com\/wp-content\/uploads\/2023\/12\/rs1-e1702959344465.png 679w, https:\/\/ptpue.tareaseditoriales.com\/wp-content\/uploads\/2023\/12\/rs1-e1702959344465-300x294.png 300w\" sizes=\"auto, (max-width: 679px) 100vw, 679px\" \/><\/figure><div class=\"wp-block-media-text__content\">\n<p><a href=\"https:\/\/ptpue.tareaseditoriales.com\/index.php\/2023\/12\/19\/influencia-real-de-las-redes-sociales-en-la-participacion-politica-en-mexico\/\">INFLUENCIA REAL DE LAS REDES SOCIALES EN LA PARTICIPACI\u00d3N POL\u00cdTICA EN M\u00c9XICO<\/a><\/p>\n<\/div><\/div>\n\n\n\n<div class=\"wp-block-media-text is-stacked-on-mobile\"><figure class=\"wp-block-media-text__media\"><img loading=\"lazy\" decoding=\"async\" width=\"680\" height=\"380\" src=\"https:\/\/ptpue.tareaseditoriales.com\/wp-content\/uploads\/2023\/12\/pc3-1-e1702937070106.png\" alt=\"\" class=\"wp-image-30 size-full\" srcset=\"https:\/\/ptpue.tareaseditoriales.com\/wp-content\/uploads\/2023\/12\/pc3-1-e1702937070106.png 680w, https:\/\/ptpue.tareaseditoriales.com\/wp-content\/uploads\/2023\/12\/pc3-1-e1702937070106-300x168.png 300w\" sizes=\"auto, (max-width: 680px) 100vw, 680px\" \/><\/figure><div class=\"wp-block-media-text__content\">\n<p><a href=\"https:\/\/ptpue.tareaseditoriales.com\/index.php\/2023\/12\/19\/el-derecho-a-la-participacion-ciudadana\/\">EL DERECHO A LA PARTICIPACI\u00d3N CIUDADANA<\/a><\/p>\n<\/div><\/div>\n","protected":false},"excerpt":{"rendered":"<p>BOLETINES DE DIVULGACI\u00d3N INFLUENCIA REAL DE LAS REDES SOCIALES EN LA PARTICIPACI\u00d3N POL\u00cdTICA EN M\u00c9XICO EL DERECHO A LA PARTICIPACI\u00d3N CIUDADANA<\/p>\n","protected":false},"author":1,"featured_media":0,"parent":0,"menu_order":2,"comment_status":"closed","ping_status":"closed","template":"","meta":{"footnotes":""},"class_list":["post-153","page","type-page","status-publish","hentry"],"_links":{"self":[{"href":"https:\/\/ptpue.tareaseditoriales.com\/index.php\/wp-json\/wp\/v2\/pages\/153","targetHints":{"allow":["GET"]}}],"collection":[{"href":"https:\/\/ptpue.tareaseditoriales.com\/index.php\/wp-json\/wp\/v2\/pages"}],"about":[{"href":"https:\/\/ptpue.tareaseditoriales.com\/index.php\/wp-json\/wp\/v2\/types\/page"}],"author":[{"embeddable":true,"href":"https:\/\/ptpue.tareaseditoriales.com\/index.php\/wp-json\/wp\/v2\/users\/1"}],"replies":[{"embeddable":true,"href":"https:\/\/ptpue.tareaseditoriales.com\/index.php\/wp-json\/wp\/v2\/comments?post=153"}],"version-history":[{"count":5,"href":"https:\/\/ptpue.tareaseditoriales.com\/index.php\/wp-json\/wp\/v2\/pages\/153\/revisions"}],"predecessor-version":[{"id":218,"href":"https:\/\/ptpue.tareaseditoriales.com\/index.php\/wp-json\/wp\/v2\/pages\/153\/revisions\/218"}],"wp:attachment":[{"href":"https:\/\/ptpue.tareaseditoriales.com\/index.php\/wp-json\/wp\/v2\/media?parent=153"}],"curies":[{"name":"wp","href":"https:\/\/api.w.org\/{rel}","templated":true}]}}